{"id":8627,"date":"2025-10-14T16:47:31","date_gmt":"2025-10-14T16:47:31","guid":{"rendered":"https:\/\/gastrolution.eu\/?page_id=8627"},"modified":"2025-10-24T18:41:34","modified_gmt":"2025-10-24T18:41:34","slug":"all-you-can-eat-buffet","status":"publish","type":"page","link":"https:\/\/gastrolution.eu\/index.php\/all-you-can-eat-buffet\/","title":{"rendered":"MUSIK &#038; GENUSS"},"content":{"rendered":"<div class=\"wpb-content-wrapper\"><p>[vc_row][vc_column]\n\t\t\t\t<p class=\"rs-p-wp-fix\"><\/p>\n\t\t\t\t<sr7-module data-alias=\"slider-1\" data-id=\"1\" id=\"SR7_1_1\" class=\"rs-ov-hidden\" data-version=\"6.7.38\">\n\t\t\t\t\t<sr7-adjuster><\/sr7-adjuster>\n\t\t\t\t\t<sr7-content>\n\t\t\t\t\t\t<sr7-slide id=\"SR7_1_1-1\" data-key=\"1\">\n\t\t\t\t\t\t<\/sr7-slide>\n\t\t\t\t\t\t<sr7-slide id=\"SR7_1_1-6\" data-key=\"6\">\n\t\t\t\t\t\t<\/sr7-slide>\n\t\t\t\t\t\t<sr7-slide id=\"SR7_1_1-2\" data-key=\"2\">\n\t\t\t\t\t\t<\/sr7-slide>\n\t\t\t\t\t<\/sr7-content>\n\t\t\t\t\t<image_lists style=\"display:none\">\n\t\t\t\t\t\t<img data-src=\"\/\/gastrolution.eu\/wp-content\/uploads\/2024\/09\/Marlene-Bar.jpg\" data-libid=\"8273\" data-lib=\"medialibrary\" title=\"Marlene Bar\" width=\"0\" height=\"0\" data-dbsrc=\"Ly9nYXN0cm9sdXRpb24uZXUvd3AtY29udGVudC91cGxvYWRzLzIwMjQvMDkvTWFybGVuZS1CYXIuanBn\"\/>\n\t\t\t\t\t\t<img data-src=\"\/\/gastrolution.eu\/wp-content\/uploads\/2024\/09\/cropped-Logo-Marlene-e1726574884645.gif\" data-libid=\"7605\" data-lib=\"medialibrary\" title=\"cropped-Logo-Marlene.gif\" width=\"0\" height=\"0\" data-dbsrc=\"Ly9nYXN0cm9sdXRpb24uZXUvd3AtY29udGVudC91cGxvYWRzLzIwMjQvMDkvY3JvcHBlZC1Mb2dvLU1hcmxlbmUtZTE3MjY1NzQ4ODQ2NDUuZ2lm\"\/>\n\t\t\t\t\t\t<img data-src=\"\/\/gastrolution.eu\/wp-content\/uploads\/2024\/09\/Marlene-Bar-02.jpg\" data-libid=\"8274\" data-lib=\"medialibrary\" title=\"Marlene Bar 02\" width=\"0\" height=\"0\" data-dbsrc=\"Ly9nYXN0cm9sdXRpb24uZXUvd3AtY29udGVudC91cGxvYWRzLzIwMjQvMDkvTWFybGVuZS1CYXItMDIuanBn\"\/>\n\t\t\t\t\t<\/image_lists>\n\t\t\t\t<\/sr7-module>\n\t\t\t\t<script>\n\t\t\t\t\tSR7.PMH ??={}; SR7.PMH[\"SR7_1_1\"] = {cn:100,state:false,fn: function() { if (_tpt!==undefined && _tpt.prepareModuleHeight !== undefined) {  _tpt.prepareModuleHeight({id:\"SR7_1_1\",el:[450,450,768,960,720],type:'standard',shdw:'0',gh:[450,450,288,219,135],gw:[1600,1600,1024,778,480],vpt:['100px'],size:{fullWidth:true, fullHeight:false},mh:'0',onh:0,onw:0,bg:{color:'{\"orig\":\"transparent\",\"type\":\"solid\",\"string\":\"transparent\"}'}});   SR7.PMH[\"SR7_1_1\"].state=true;} else if(SR7.PMH[\"SR7_1_1\"].cn-->0)\tsetTimeout( SR7.PMH[\"SR7_1_1\"].fn,19);}};SR7.PMH[\"SR7_1_1\" ].fn();\n\t\t\t\t<\/script>\n<div class=\"ult-spacer spacer-69e5f53f78182\" data-id=\"69e5f53f78182\" data-height=\"10\" data-height-mobile=\"10\" data-height-tab=\"10\" data-height-tab-portrait=\"\" data-height-mobile-landscape=\"\" style=\"clear:both;display:block;\"><\/div>[\/vc_column][\/vc_row][vc_row][vc_column][vc_custom_heading text=&#8220;Musik- und Buffetabende im Restaurant Marlene&#8220; font_container=&#8220;tag:h2|text_align:center|color:%23883c68&#8243; google_fonts=&#8220;font_family:Abel%3Aregular|font_style:400%20regular%3A400%3Anormal&#8220; css=&#8220;&#8220;][\/vc_column][\/vc_row][vc_row][vc_column][vc_custom_heading text=&#8220;Abende voller Klang &amp; Geschmack&#8220; font_container=&#8220;tag:h1|text_align:center|color:%23883c68&#8243; google_fonts=&#8220;font_family:Abel%3Aregular|font_style:400%20regular%3A400%3Anormal&#8220; css=&#8220;&#8220;][\/vc_column][\/vc_row][vc_row][vc_column][vc_column_text css=&#8220;&#8220;]<\/p>\n<p style=\"text-align: center;\"><strong>Liebe G\u00e4ste,<\/strong><br \/>\nwir laden Sie herzlich zu unseren besonderen Musik- und Buffetabenden ein.<br \/>\nGenie\u00dfen Sie stimmungsvolle Musik, kulinarische K\u00f6stlichkeiten und eine Atmosph\u00e4re zum Wohlf\u00fchlen.<br \/>\nFreuen Sie sich auf einzigartige Live Musik mit Peter Vardanian, Zuzanna Hutek und Armando,<br \/>\nkombiniert mit einem liebevoll gestalteten Buffet.<\/p>\n<p>[\/vc_column_text][vc_text_separator title=&#8220;&#8220; i_type=&#8220;openiconic&#8220; i_icon_openiconic=&#8220;vc-oi vc-oi-star&#8220; i_color=&#8220;purple&#8220; i_size=&#8220;sm&#8220; border_width=&#8220;2&#8243; el_width=&#8220;50&#8243; css=&#8220;&#8220; add_icon=&#8220;true&#8220;][vc_column_text css=&#8220;&#8220;]<\/p>\n<p style=\"text-align: center;\">Jeder Abend steht unter einem eigenen musikalischen Motto \u2013 von eleganter Klassik \u00fcber<br \/>\nschwungvollen Jazz bis hin zumitrei\u00dfender osteurop\u00e4ischer Folklore.<br \/>\nDazu servieren wir Ihnen ein abwechslungsreiches all-you-can-eat-Buffet mit einer<br \/>\ngro\u00dfen Auswahl an saisonalen und internationalen Spezialit\u00e4ten .<br \/>\nEin Abend voller Klang, Geschmack und Atmosph\u00e4re zum Genie\u00dfen,<br \/>\nVerweilen und Wohlf\u00fchlen.<\/p>\n<p>[\/vc_column_text][vc_text_separator title=&#8220;&#8220; i_type=&#8220;openiconic&#8220; i_icon_openiconic=&#8220;vc-oi vc-oi-star&#8220; i_color=&#8220;purple&#8220; i_size=&#8220;sm&#8220; border_width=&#8220;2&#8243; el_width=&#8220;50&#8243; css=&#8220;&#8220; add_icon=&#8220;true&#8220;][vc_column_text css=&#8220;&#8220;]<\/p>\n<p style=\"text-align: center;\">Preis pro Person: 45 \u20ac inklusive Buffet &amp; Live Musik<br \/>\n(Buffet ge\u00f6ffnet von 18:00 bis 22:00 Uhr)<br \/>\nWir freuen uns, Sie bei uns willkommen zu hei\u00dfen f\u00fcr Abende voller Musik,<br \/>\nGenuss und besonderer Atmosph\u00e4re.<\/p>\n<p>[\/vc_column_text][\/vc_column][\/vc_row][vc_row][vc_column][vc_single_image image=&#8220;8632&#8243; img_size=&#8220;large&#8220; alignment=&#8220;center&#8220; style=&#8220;vc_box_shadow&#8220; css_animation=&#8220;fadeIn&#8220; css=&#8220;&#8220;][\/vc_column][\/vc_row][vc_row][vc_column][vc_custom_heading text=&#8220;Veranstaltungs-Kalender&#8220; font_container=&#8220;tag:h2|text_align:center|color:%23883c68&#8243; google_fonts=&#8220;font_family:Abel%3Aregular|font_style:400%20regular%3A400%3Anormal&#8220; css=&#8220;&#8220;][\/vc_column][\/vc_row][vc_row][vc_column][vc_single_image image=&#8220;8644&#8243; img_size=&#8220;large&#8220; alignment=&#8220;center&#8220; style=&#8220;vc_box_shadow&#8220; css_animation=&#8220;fadeIn&#8220; css=&#8220;&#8220;][\/vc_column][\/vc_row][vc_row][vc_column][vc_custom_heading text=&#8220;DIENSTAG 11. NOVEMBER&#8220; font_container=&#8220;tag:h2|text_align:center|color:%23883c68&#8243; google_fonts=&#8220;font_family:Abel%3Aregular|font_style:400%20regular%3A400%3Anormal&#8220; css=&#8220;&#8220;][vc_column_text css=&#8220;&#8220;]<\/p>\n<p style=\"text-align: center;\"><strong>Best of Classics \u2013 gro\u00dfe Meister, zeitlose Musik<\/strong><br \/>\nZuzanna Huttig an Klavier und Peter Vardanianan an der Violine<br \/>\ninterpretieren Werke von Beethoven, Mozart, Schubert und mehr&#8230;<br \/>\nfeinf\u00fchlig, virtuos und mit ganz eigener Note.<br \/>\nEin klassischer Abend in der Marlene voller Klang und Gef\u00fchl.<\/p>\n<p>[\/vc_column_text][\/vc_column][\/vc_row][vc_row][vc_column][vc_custom_heading text=&#8220;MONTAG 17. NOVEMBER&#8220; font_container=&#8220;tag:h2|text_align:center|color:%23883c68&#8243; google_fonts=&#8220;font_family:Abel%3Aregular|font_style:400%20regular%3A400%3Anormal&#8220; css=&#8220;&#8220;][vc_column_text css=&#8220;&#8220;]<\/p>\n<p style=\"text-align: center;\"><strong>Osteurop\u00e4ische Kl\u00e4nge<\/strong><br \/>\nZwei Virtuosen, ein Abend zwischen Sehnsucht und Leidenschaft.<br \/>\nMusik voller Seele, Leidenschaft und Melancholie.<br \/>\nMit Zuzanna Hutek am Klavier und Peter Vardanian an der Violine<br \/>\nlassen mit feinem Gesp\u00fcr traditionelle Melodien und moderne<br \/>\nArrangements lebendig werden.<br \/>\nEin Abend zwischen Temperament und Tiefgang<\/p>\n<p>[\/vc_column_text][\/vc_column][\/vc_row][vc_row][vc_column][vc_custom_heading text=&#8220;SONNTAG 23. NOVEMBER&#8220; font_container=&#8220;tag:h2|text_align:center|color:%23883c68&#8243; google_fonts=&#8220;font_family:Abel%3Aregular|font_style:400%20regular%3A400%3Anormal&#8220; css=&#8220;&#8220;][vc_column_text css=&#8220;&#8220;]<\/p>\n<p style=\"text-align: center;\"><strong>Ragtime &amp; Classic Jazz<\/strong><br \/>\nLebendig, schwungvoll, zeitlos.<br \/>\nMit Zuzanna Hutek am Klavier und Peter Vardanian an der Violine<br \/>\nlassen die goldene \u00c4ra des Ragtime und Classic Jazz aufleben.<br \/>\nMit Spielfreude, Gef\u00fchl und feinem Humor bringen sie den Sound vergangener Jahrzehnte in die Marlene.<br \/>\nMusik, die einfach gute Laune macht.<\/p>\n<p>[\/vc_column_text][\/vc_column][\/vc_row][vc_row][vc_column][vc_custom_heading text=&#8220;MONTAG 01. DEZEMBER&#8220; font_container=&#8220;tag:h2|text_align:center|color:%23883c68&#8243; google_fonts=&#8220;font_family:Abel%3Aregular|font_style:400%20regular%3A400%3Anormal&#8220; css=&#8220;&#8220;][vc_column_text css=&#8220;&#8220;]<\/p>\n<p style=\"text-align: center;\"><strong>Jazz Swing Oldies &#8211; mit Armando<\/strong><br \/>\nauserw\u00e4hlter gast Musiker aus dem Stadttheater Bremerhaven\u2013 live am Klavier!<br \/>\nJazz, Swing &amp; Oldies in bester Stimmung charmant,<br \/>\ngroovend und voller Energie.<\/p>\n<p>[\/vc_column_text][\/vc_column][\/vc_row][vc_row][vc_column][vc_custom_heading text=&#8220;SAMSTAG 06. DEZEMBER&#8220; font_container=&#8220;tag:h2|text_align:center|color:%23883c68&#8243; google_fonts=&#8220;font_family:Abel%3Aregular|font_style:400%20regular%3A400%3Anormal&#8220; css=&#8220;&#8220;][vc_column_text css=&#8220;&#8220;]<\/p>\n<p style=\"text-align: center;\"><strong>Jazz Swing Pop Classics &#8211; mit Armando<\/strong><br \/>\nEin besonderer Abend mit Armando, Gastmusiker aus dem Stadttheater Bremerhaven \u2013 live am Klavier!<br \/>\nVon zeitlosen Klassikern bis zu modernen Rhythmen \u2013 charmant, groovend und mitrei\u00dfend.<br \/>\nTanzen ausdr\u00fccklich erlaubt!<\/p>\n<p>[\/vc_column_text][\/vc_column][\/vc_row][vc_row][vc_column][vc_column_text css=&#8220;&#8220;]<\/p>\n<p style=\"text-align: center;\">Reservierungen und Kontakt:<\/p>\n<p style=\"text-align: center;\"><a href=\"https:\/\/www.google.com\/search?q=marlene+caf%C3%A9+bar+steakhouse&amp;rlz=1C1CHZN_deDE961DE961&amp;oq=&amp;gs_lcrp=EgZjaHJvbWUqCQgDECMYJxjqAjIPCAAQLhgnGMcBGOoCGNEDMgkIARAjGCcY6gIyCQgCECMYJxjqAjIJCAMQIxgnGOoCMhIIBBAuGCcYrwEYxwEY6gIYjgUyCQgFECMYJxjqAjIJCAYQIxgnGOoCMgkIBxAjGCcY6gIyGwgIEC4YQxjHARi0AhjqAhjIAxjRAxiABBiKBdIBCTE5MzRqMGoxNagCCbACAQ&amp;sourceid=chrome&amp;ie=UTF-8#\" data-dtype=\"d3ph\" data-local-attribute=\"d3ph\" data-ved=\"2ahUKEwiCi8vU6OOIAxXnQvEDHZlcLmgQkAgoAHoECFUQAw\"><span aria-label=\"0471 96907890 anrufen\">0471 96907890<\/span><\/a> und <a href=\"mailto:info@marlene-bhv.de\">info@marlene-bhv.de\u00a0<\/a><\/p>\n<p>[\/vc_column_text][\/vc_column][\/vc_row]<\/p>\n<\/div>","protected":false},"excerpt":{"rendered":"<p>[vc_row][vc_column][\/vc_column][\/vc_row][vc_row][vc_column][vc_custom_heading text=&#8220;Musik- und Buffetabende im Restaurant Marlene&#8220; font_container=&#8220;tag:h2|text_align:center|color:%23883c68&#8243; google_fonts=&#8220;font_family:Abel%3Aregular|font_style:400%20regular%3A400%3Anormal&#8220; css=&#8220;&#8220;][\/vc_column][\/vc_row][vc_row][vc_column][vc_custom_heading text=&#8220;Abende voller Klang &amp; Geschmack&#8220; font_container=&#8220;tag:h1|text_align:center|color:%23883c68&#8243; google_fonts=&#8220;font_family:Abel%3Aregular|font_style:400%20regular%3A400%3Anormal&#8220; css=&#8220;&#8220;][\/vc_column][\/vc_row][vc_row][vc_column][vc_column_text css=&#8220;&#8220;] Liebe G\u00e4ste, wir laden Sie herzlich zu unseren besonderen Musik- und Buffetabenden ein. Genie\u00dfen Sie stimmungsvolle Musik, kulinarische K\u00f6stlichkeiten und eine Atmosph\u00e4re zum Wohlf\u00fchlen. Freuen Sie sich auf einzigartige Live Musik mit Peter Vardanian, Zuzanna Hutek&hellip;<\/p>\n","protected":false},"author":1,"featured_media":0,"parent":0,"menu_order":0,"comment_status":"closed","ping_status":"closed","template":"","meta":{"footnotes":""},"class_list":["post-8627","page","type-page","status-publish","hentry","description-off"],"yoast_head":"<!-- This site is optimized with the Yoast SEO plugin v27.4 - https:\/\/yoast.com\/product\/yoast-seo-wordpress\/ -->\n<title>MUSIK &amp; GENUSS - Marlene Bremerhaven am Stadttheater<\/title>\n<meta name=\"robots\" content=\"index, follow, max-snippet:-1, max-image-preview:large, max-video-preview:-1\" \/>\n<link rel=\"canonical\" href=\"https:\/\/gastrolution.eu\/index.php\/all-you-can-eat-buffet\/\" \/>\n<meta property=\"og:locale\" content=\"de_DE\" \/>\n<meta property=\"og:type\" content=\"article\" \/>\n<meta property=\"og:title\" content=\"MUSIK &amp; GENUSS - Marlene Bremerhaven am Stadttheater\" \/>\n<meta property=\"og:description\" content=\"[vc_row][vc_column][\/vc_column][\/vc_row][vc_row][vc_column][vc_custom_heading text=&#8220;Musik- und Buffetabende im Restaurant Marlene&#8220; font_container=&#8220;tag:h2|text_align:center|color:%23883c68&#8243; google_fonts=&#8220;font_family:Abel%3Aregular|font_style:400%20regular%3A400%3Anormal&#8220; css=&#8220;&#8220;][\/vc_column][\/vc_row][vc_row][vc_column][vc_custom_heading text=&#8220;Abende voller Klang &amp; Geschmack&#8220; font_container=&#8220;tag:h1|text_align:center|color:%23883c68&#8243; google_fonts=&#8220;font_family:Abel%3Aregular|font_style:400%20regular%3A400%3Anormal&#8220; css=&#8220;&#8220;][\/vc_column][\/vc_row][vc_row][vc_column][vc_column_text css=&#8220;&#8220;] Liebe G\u00e4ste, wir laden Sie herzlich zu unseren besonderen Musik- und Buffetabenden ein. Genie\u00dfen Sie stimmungsvolle Musik, kulinarische K\u00f6stlichkeiten und eine Atmosph\u00e4re zum Wohlf\u00fchlen. Freuen Sie sich auf einzigartige Live Musik mit Peter Vardanian, Zuzanna Hutek&hellip;\" \/>\n<meta property=\"og:url\" content=\"https:\/\/gastrolution.eu\/index.php\/all-you-can-eat-buffet\/\" \/>\n<meta property=\"og:site_name\" content=\"Marlene Bremerhaven am Stadttheater\" \/>\n<meta property=\"article:modified_time\" content=\"2025-10-24T18:41:34+00:00\" \/>\n<meta name=\"twitter:card\" content=\"summary_large_image\" \/>\n<meta name=\"twitter:label1\" content=\"Gesch\u00e4tzte Lesezeit\" \/>\n\t<meta name=\"twitter:data1\" content=\"3\u00a0Minuten\" \/>\n<script type=\"application\/ld+json\" class=\"yoast-schema-graph\">{\"@context\":\"https:\\\/\\\/schema.org\",\"@graph\":[{\"@type\":\"WebPage\",\"@id\":\"https:\\\/\\\/gastrolution.eu\\\/index.php\\\/all-you-can-eat-buffet\\\/\",\"url\":\"https:\\\/\\\/gastrolution.eu\\\/index.php\\\/all-you-can-eat-buffet\\\/\",\"name\":\"MUSIK & GENUSS - Marlene Bremerhaven am Stadttheater\",\"isPartOf\":{\"@id\":\"https:\\\/\\\/gastrolution.eu\\\/#website\"},\"datePublished\":\"2025-10-14T16:47:31+00:00\",\"dateModified\":\"2025-10-24T18:41:34+00:00\",\"breadcrumb\":{\"@id\":\"https:\\\/\\\/gastrolution.eu\\\/index.php\\\/all-you-can-eat-buffet\\\/#breadcrumb\"},\"inLanguage\":\"de\",\"potentialAction\":[{\"@type\":\"ReadAction\",\"target\":[\"https:\\\/\\\/gastrolution.eu\\\/index.php\\\/all-you-can-eat-buffet\\\/\"]}]},{\"@type\":\"BreadcrumbList\",\"@id\":\"https:\\\/\\\/gastrolution.eu\\\/index.php\\\/all-you-can-eat-buffet\\\/#breadcrumb\",\"itemListElement\":[{\"@type\":\"ListItem\",\"position\":1,\"name\":\"Startseite\",\"item\":\"https:\\\/\\\/gastrolution.eu\\\/\"},{\"@type\":\"ListItem\",\"position\":2,\"name\":\"MUSIK &#038; GENUSS\"}]},{\"@type\":\"WebSite\",\"@id\":\"https:\\\/\\\/gastrolution.eu\\\/#website\",\"url\":\"https:\\\/\\\/gastrolution.eu\\\/\",\"name\":\"Marlene Bremerhaven am Stadttheater\",\"description\":\"Steaks | Pizza | Pasta | Cocktailbar\",\"potentialAction\":[{\"@type\":\"SearchAction\",\"target\":{\"@type\":\"EntryPoint\",\"urlTemplate\":\"https:\\\/\\\/gastrolution.eu\\\/?s={search_term_string}\"},\"query-input\":{\"@type\":\"PropertyValueSpecification\",\"valueRequired\":true,\"valueName\":\"search_term_string\"}}],\"inLanguage\":\"de\"}]}<\/script>\n<!-- \/ Yoast SEO plugin. -->","yoast_head_json":{"title":"MUSIK & GENUSS - Marlene Bremerhaven am Stadttheater","robots":{"index":"index","follow":"follow","max-snippet":"max-snippet:-1","max-image-preview":"max-image-preview:large","max-video-preview":"max-video-preview:-1"},"canonical":"https:\/\/gastrolution.eu\/index.php\/all-you-can-eat-buffet\/","og_locale":"de_DE","og_type":"article","og_title":"MUSIK & GENUSS - Marlene Bremerhaven am Stadttheater","og_description":"[vc_row][vc_column][\/vc_column][\/vc_row][vc_row][vc_column][vc_custom_heading text=&#8220;Musik- und Buffetabende im Restaurant Marlene&#8220; font_container=&#8220;tag:h2|text_align:center|color:%23883c68&#8243; google_fonts=&#8220;font_family:Abel%3Aregular|font_style:400%20regular%3A400%3Anormal&#8220; css=&#8220;&#8220;][\/vc_column][\/vc_row][vc_row][vc_column][vc_custom_heading text=&#8220;Abende voller Klang &amp; Geschmack&#8220; font_container=&#8220;tag:h1|text_align:center|color:%23883c68&#8243; google_fonts=&#8220;font_family:Abel%3Aregular|font_style:400%20regular%3A400%3Anormal&#8220; css=&#8220;&#8220;][\/vc_column][\/vc_row][vc_row][vc_column][vc_column_text css=&#8220;&#8220;] Liebe G\u00e4ste, wir laden Sie herzlich zu unseren besonderen Musik- und Buffetabenden ein. Genie\u00dfen Sie stimmungsvolle Musik, kulinarische K\u00f6stlichkeiten und eine Atmosph\u00e4re zum Wohlf\u00fchlen. Freuen Sie sich auf einzigartige Live Musik mit Peter Vardanian, Zuzanna Hutek&hellip;","og_url":"https:\/\/gastrolution.eu\/index.php\/all-you-can-eat-buffet\/","og_site_name":"Marlene Bremerhaven am Stadttheater","article_modified_time":"2025-10-24T18:41:34+00:00","twitter_card":"summary_large_image","twitter_misc":{"Gesch\u00e4tzte Lesezeit":"3\u00a0Minuten"},"schema":{"@context":"https:\/\/schema.org","@graph":[{"@type":"WebPage","@id":"https:\/\/gastrolution.eu\/index.php\/all-you-can-eat-buffet\/","url":"https:\/\/gastrolution.eu\/index.php\/all-you-can-eat-buffet\/","name":"MUSIK & GENUSS - Marlene Bremerhaven am Stadttheater","isPartOf":{"@id":"https:\/\/gastrolution.eu\/#website"},"datePublished":"2025-10-14T16:47:31+00:00","dateModified":"2025-10-24T18:41:34+00:00","breadcrumb":{"@id":"https:\/\/gastrolution.eu\/index.php\/all-you-can-eat-buffet\/#breadcrumb"},"inLanguage":"de","potentialAction":[{"@type":"ReadAction","target":["https:\/\/gastrolution.eu\/index.php\/all-you-can-eat-buffet\/"]}]},{"@type":"BreadcrumbList","@id":"https:\/\/gastrolution.eu\/index.php\/all-you-can-eat-buffet\/#breadcrumb","itemListElement":[{"@type":"ListItem","position":1,"name":"Startseite","item":"https:\/\/gastrolution.eu\/"},{"@type":"ListItem","position":2,"name":"MUSIK &#038; GENUSS"}]},{"@type":"WebSite","@id":"https:\/\/gastrolution.eu\/#website","url":"https:\/\/gastrolution.eu\/","name":"Marlene Bremerhaven am Stadttheater","description":"Steaks | Pizza | Pasta | Cocktailbar","potentialAction":[{"@type":"SearchAction","target":{"@type":"EntryPoint","urlTemplate":"https:\/\/gastrolution.eu\/?s={search_term_string}"},"query-input":{"@type":"PropertyValueSpecification","valueRequired":true,"valueName":"search_term_string"}}],"inLanguage":"de"}]}},"_links":{"self":[{"href":"https:\/\/gastrolution.eu\/index.php\/wp-json\/wp\/v2\/pages\/8627","targetHints":{"allow":["GET"]}}],"collection":[{"href":"https:\/\/gastrolution.eu\/index.php\/wp-json\/wp\/v2\/pages"}],"about":[{"href":"https:\/\/gastrolution.eu\/index.php\/wp-json\/wp\/v2\/types\/page"}],"author":[{"embeddable":true,"href":"https:\/\/gastrolution.eu\/index.php\/wp-json\/wp\/v2\/users\/1"}],"replies":[{"embeddable":true,"href":"https:\/\/gastrolution.eu\/index.php\/wp-json\/wp\/v2\/comments?post=8627"}],"version-history":[{"count":17,"href":"https:\/\/gastrolution.eu\/index.php\/wp-json\/wp\/v2\/pages\/8627\/revisions"}],"predecessor-version":[{"id":8631,"href":"https:\/\/gastrolution.eu\/index.php\/wp-json\/wp\/v2\/pages\/8627\/revisions\/8631"}],"wp:attachment":[{"href":"https:\/\/gastrolution.eu\/index.php\/wp-json\/wp\/v2\/media?parent=8627"}],"curies":[{"name":"wp","href":"https:\/\/api.w.org\/{rel}","templated":true}]}}