{"id":8280,"date":"2024-09-17T18:46:36","date_gmt":"2024-09-17T18:46:36","guid":{"rendered":"https:\/\/gastrolution.eu\/?page_id=8280"},"modified":"2025-02-12T15:37:51","modified_gmt":"2025-02-12T15:37:51","slug":"kulinarische-glanzstuecke","status":"publish","type":"page","link":"https:\/\/gastrolution.eu\/index.php\/kulinarische-glanzstuecke\/","title":{"rendered":"Kulinarische Glanzst\u00fccke"},"content":{"rendered":"<div class=\"wpb-content-wrapper\"><p>[vc_row][vc_column]\n\t\t\t\t<p class=\"rs-p-wp-fix\"><\/p>\n\t\t\t\t<sr7-module data-alias=\"slider-1\" data-id=\"1\" id=\"SR7_1_1\" class=\"rs-ov-hidden\" data-version=\"6.7.38\">\n\t\t\t\t\t<sr7-adjuster><\/sr7-adjuster>\n\t\t\t\t\t<sr7-content>\n\t\t\t\t\t\t<sr7-slide id=\"SR7_1_1-1\" data-key=\"1\">\n\t\t\t\t\t\t<\/sr7-slide>\n\t\t\t\t\t\t<sr7-slide id=\"SR7_1_1-6\" data-key=\"6\">\n\t\t\t\t\t\t<\/sr7-slide>\n\t\t\t\t\t\t<sr7-slide id=\"SR7_1_1-2\" data-key=\"2\">\n\t\t\t\t\t\t<\/sr7-slide>\n\t\t\t\t\t<\/sr7-content>\n\t\t\t\t\t<image_lists style=\"display:none\">\n\t\t\t\t\t\t<img data-src=\"\/\/gastrolution.eu\/wp-content\/uploads\/2024\/09\/Marlene-Bar.jpg\" data-libid=\"8273\" data-lib=\"medialibrary\" title=\"Marlene Bar\" width=\"0\" height=\"0\" data-dbsrc=\"Ly9nYXN0cm9sdXRpb24uZXUvd3AtY29udGVudC91cGxvYWRzLzIwMjQvMDkvTWFybGVuZS1CYXIuanBn\"\/>\n\t\t\t\t\t\t<img data-src=\"\/\/gastrolution.eu\/wp-content\/uploads\/2024\/09\/cropped-Logo-Marlene-e1726574884645.gif\" data-libid=\"7605\" data-lib=\"medialibrary\" title=\"cropped-Logo-Marlene.gif\" width=\"0\" height=\"0\" data-dbsrc=\"Ly9nYXN0cm9sdXRpb24uZXUvd3AtY29udGVudC91cGxvYWRzLzIwMjQvMDkvY3JvcHBlZC1Mb2dvLU1hcmxlbmUtZTE3MjY1NzQ4ODQ2NDUuZ2lm\"\/>\n\t\t\t\t\t\t<img data-src=\"\/\/gastrolution.eu\/wp-content\/uploads\/2024\/09\/Marlene-Bar-02.jpg\" data-libid=\"8274\" data-lib=\"medialibrary\" title=\"Marlene Bar 02\" width=\"0\" height=\"0\" data-dbsrc=\"Ly9nYXN0cm9sdXRpb24uZXUvd3AtY29udGVudC91cGxvYWRzLzIwMjQvMDkvTWFybGVuZS1CYXItMDIuanBn\"\/>\n\t\t\t\t\t<\/image_lists>\n\t\t\t\t<\/sr7-module>\n\t\t\t\t<script>\n\t\t\t\t\tSR7.PMH ??={}; SR7.PMH[\"SR7_1_1\"] = {cn:100,state:false,fn: function() { if (_tpt!==undefined && _tpt.prepareModuleHeight !== undefined) {  _tpt.prepareModuleHeight({id:\"SR7_1_1\",el:[450,450,768,960,720],type:'standard',shdw:'0',gh:[450,450,288,219,135],gw:[1600,1600,1024,778,480],vpt:['100px'],size:{fullWidth:true, fullHeight:false},mh:'0',onh:0,onw:0,bg:{color:'{\"orig\":\"transparent\",\"type\":\"solid\",\"string\":\"transparent\"}'}});   SR7.PMH[\"SR7_1_1\"].state=true;} else if(SR7.PMH[\"SR7_1_1\"].cn-->0)\tsetTimeout( SR7.PMH[\"SR7_1_1\"].fn,19);}};SR7.PMH[\"SR7_1_1\" ].fn();\n\t\t\t\t<\/script>\n<div class=\"ult-spacer spacer-69e5f40797980\" data-id=\"69e5f40797980\" data-height=\"10\" data-height-mobile=\"10\" data-height-tab=\"10\" data-height-tab-portrait=\"\" data-height-mobile-landscape=\"\" style=\"clear:both;display:block;\"><\/div>[\/vc_column][\/vc_row][vc_row][vc_column][vc_custom_heading text=&#8220;Kulinarische Glanzst\u00fccke \u2013 Genuss auf h\u00f6chstem Niveau&#8220; font_container=&#8220;tag:h2|text_align:center|color:%23883C68&#8243; google_fonts=&#8220;font_family:Abel%3Aregular|font_style:400%20regular%3A400%3Anormal&#8220; css=&#8220;&#8220;][\/vc_column][\/vc_row][vc_row][vc_column][vc_column_text css=&#8220;&#8220;]<\/p>\n<p style=\"text-align: center;\" data-start=\"126\" data-end=\"434\">Willkommen in der Welt exquisiter Geschmackserlebnisse!<br \/>\nUnsere K\u00fcche vereint Tradition und Innovation zu einzigartigen kulinarischen Glanzst\u00fccken.<br \/>\nMit hochwertigen Zutaten, handwerklicher Perfektion und einer Prise Kreativit\u00e4t kreieren wir Gerichte, die nicht nur den Gaumen, sondern alle Sinne begeistern.<\/p>\n<p style=\"text-align: center;\" data-start=\"436\" data-end=\"732\">Ob raffinierte Men\u00fcs, saisonale Spezialit\u00e4ten oder kreative Neuinterpretationen klassischer Rezepte \u2013 bei uns wird jedes Gericht mit Liebe und Hingabe zubereitet. Lassen Sie sich von unserem kulinarischen K\u00f6nnen verzaubern und genie\u00dfen Sie au\u00dfergew\u00f6hnliche Genussmomente in stilvollem Ambiente.<\/p>\n<p style=\"text-align: center;\" data-start=\"734\" data-end=\"818\">Wir freuen uns darauf, Sie mit unseren Meisterwerken der Gastronomie zu verw\u00f6hnen!<\/p>\n<p>[\/vc_column_text][\/vc_column][\/vc_row]<\/p>\n<\/div>","protected":false},"excerpt":{"rendered":"<p>[vc_row][vc_column][\/vc_column][\/vc_row][vc_row][vc_column][vc_custom_heading text=&#8220;Kulinarische Glanzst\u00fccke \u2013 Genuss auf h\u00f6chstem Niveau&#8220; font_container=&#8220;tag:h2|text_align:center|color:%23883C68&#8243; google_fonts=&#8220;font_family:Abel%3Aregular|font_style:400%20regular%3A400%3Anormal&#8220; css=&#8220;&#8220;][\/vc_column][\/vc_row][vc_row][vc_column][vc_column_text css=&#8220;&#8220;] Willkommen in der Welt exquisiter Geschmackserlebnisse! Unsere K\u00fcche vereint Tradition und Innovation zu einzigartigen kulinarischen Glanzst\u00fccken. Mit hochwertigen Zutaten, handwerklicher Perfektion und einer Prise Kreativit\u00e4t kreieren wir Gerichte, die nicht nur den Gaumen, sondern alle Sinne begeistern. Ob raffinierte Men\u00fcs, saisonale Spezialit\u00e4ten oder&hellip;<\/p>\n","protected":false},"author":1,"featured_media":0,"parent":0,"menu_order":0,"comment_status":"closed","ping_status":"closed","template":"","meta":{"footnotes":""},"class_list":["post-8280","page","type-page","status-publish","hentry","description-off"],"yoast_head":"<!-- This site is optimized with the Yoast SEO plugin v27.4 - https:\/\/yoast.com\/product\/yoast-seo-wordpress\/ -->\n<title>Kulinarische Glanzst\u00fccke - Marlene Bremerhaven am Stadttheater<\/title>\n<meta name=\"robots\" content=\"index, follow, max-snippet:-1, max-image-preview:large, max-video-preview:-1\" \/>\n<link rel=\"canonical\" href=\"https:\/\/gastrolution.eu\/index.php\/kulinarische-glanzstuecke\/\" \/>\n<meta property=\"og:locale\" content=\"de_DE\" \/>\n<meta property=\"og:type\" content=\"article\" \/>\n<meta property=\"og:title\" content=\"Kulinarische Glanzst\u00fccke - Marlene Bremerhaven am Stadttheater\" \/>\n<meta property=\"og:description\" content=\"[vc_row][vc_column][\/vc_column][\/vc_row][vc_row][vc_column][vc_custom_heading text=&#8220;Kulinarische Glanzst\u00fccke \u2013 Genuss auf h\u00f6chstem Niveau&#8220; font_container=&#8220;tag:h2|text_align:center|color:%23883C68&#8243; google_fonts=&#8220;font_family:Abel%3Aregular|font_style:400%20regular%3A400%3Anormal&#8220; css=&#8220;&#8220;][\/vc_column][\/vc_row][vc_row][vc_column][vc_column_text css=&#8220;&#8220;] Willkommen in der Welt exquisiter Geschmackserlebnisse! Unsere K\u00fcche vereint Tradition und Innovation zu einzigartigen kulinarischen Glanzst\u00fccken. Mit hochwertigen Zutaten, handwerklicher Perfektion und einer Prise Kreativit\u00e4t kreieren wir Gerichte, die nicht nur den Gaumen, sondern alle Sinne begeistern. Ob raffinierte Men\u00fcs, saisonale Spezialit\u00e4ten oder&hellip;\" \/>\n<meta property=\"og:url\" content=\"https:\/\/gastrolution.eu\/index.php\/kulinarische-glanzstuecke\/\" \/>\n<meta property=\"og:site_name\" content=\"Marlene Bremerhaven am Stadttheater\" \/>\n<meta property=\"article:modified_time\" content=\"2025-02-12T15:37:51+00:00\" \/>\n<meta name=\"twitter:card\" content=\"summary_large_image\" \/>\n<meta name=\"twitter:label1\" content=\"Gesch\u00e4tzte Lesezeit\" \/>\n\t<meta name=\"twitter:data1\" content=\"1\u00a0Minute\" \/>\n<script type=\"application\/ld+json\" class=\"yoast-schema-graph\">{\"@context\":\"https:\\\/\\\/schema.org\",\"@graph\":[{\"@type\":\"WebPage\",\"@id\":\"https:\\\/\\\/gastrolution.eu\\\/index.php\\\/kulinarische-glanzstuecke\\\/\",\"url\":\"https:\\\/\\\/gastrolution.eu\\\/index.php\\\/kulinarische-glanzstuecke\\\/\",\"name\":\"Kulinarische Glanzst\u00fccke - Marlene Bremerhaven am Stadttheater\",\"isPartOf\":{\"@id\":\"https:\\\/\\\/gastrolution.eu\\\/#website\"},\"datePublished\":\"2024-09-17T18:46:36+00:00\",\"dateModified\":\"2025-02-12T15:37:51+00:00\",\"breadcrumb\":{\"@id\":\"https:\\\/\\\/gastrolution.eu\\\/index.php\\\/kulinarische-glanzstuecke\\\/#breadcrumb\"},\"inLanguage\":\"de\",\"potentialAction\":[{\"@type\":\"ReadAction\",\"target\":[\"https:\\\/\\\/gastrolution.eu\\\/index.php\\\/kulinarische-glanzstuecke\\\/\"]}]},{\"@type\":\"BreadcrumbList\",\"@id\":\"https:\\\/\\\/gastrolution.eu\\\/index.php\\\/kulinarische-glanzstuecke\\\/#breadcrumb\",\"itemListElement\":[{\"@type\":\"ListItem\",\"position\":1,\"name\":\"Startseite\",\"item\":\"https:\\\/\\\/gastrolution.eu\\\/\"},{\"@type\":\"ListItem\",\"position\":2,\"name\":\"Kulinarische Glanzst\u00fccke\"}]},{\"@type\":\"WebSite\",\"@id\":\"https:\\\/\\\/gastrolution.eu\\\/#website\",\"url\":\"https:\\\/\\\/gastrolution.eu\\\/\",\"name\":\"Marlene Bremerhaven am Stadttheater\",\"description\":\"Steaks | Pizza | Pasta | Cocktailbar\",\"potentialAction\":[{\"@type\":\"SearchAction\",\"target\":{\"@type\":\"EntryPoint\",\"urlTemplate\":\"https:\\\/\\\/gastrolution.eu\\\/?s={search_term_string}\"},\"query-input\":{\"@type\":\"PropertyValueSpecification\",\"valueRequired\":true,\"valueName\":\"search_term_string\"}}],\"inLanguage\":\"de\"}]}<\/script>\n<!-- \/ Yoast SEO plugin. -->","yoast_head_json":{"title":"Kulinarische Glanzst\u00fccke - Marlene Bremerhaven am Stadttheater","robots":{"index":"index","follow":"follow","max-snippet":"max-snippet:-1","max-image-preview":"max-image-preview:large","max-video-preview":"max-video-preview:-1"},"canonical":"https:\/\/gastrolution.eu\/index.php\/kulinarische-glanzstuecke\/","og_locale":"de_DE","og_type":"article","og_title":"Kulinarische Glanzst\u00fccke - Marlene Bremerhaven am Stadttheater","og_description":"[vc_row][vc_column][\/vc_column][\/vc_row][vc_row][vc_column][vc_custom_heading text=&#8220;Kulinarische Glanzst\u00fccke \u2013 Genuss auf h\u00f6chstem Niveau&#8220; font_container=&#8220;tag:h2|text_align:center|color:%23883C68&#8243; google_fonts=&#8220;font_family:Abel%3Aregular|font_style:400%20regular%3A400%3Anormal&#8220; css=&#8220;&#8220;][\/vc_column][\/vc_row][vc_row][vc_column][vc_column_text css=&#8220;&#8220;] Willkommen in der Welt exquisiter Geschmackserlebnisse! Unsere K\u00fcche vereint Tradition und Innovation zu einzigartigen kulinarischen Glanzst\u00fccken. Mit hochwertigen Zutaten, handwerklicher Perfektion und einer Prise Kreativit\u00e4t kreieren wir Gerichte, die nicht nur den Gaumen, sondern alle Sinne begeistern. Ob raffinierte Men\u00fcs, saisonale Spezialit\u00e4ten oder&hellip;","og_url":"https:\/\/gastrolution.eu\/index.php\/kulinarische-glanzstuecke\/","og_site_name":"Marlene Bremerhaven am Stadttheater","article_modified_time":"2025-02-12T15:37:51+00:00","twitter_card":"summary_large_image","twitter_misc":{"Gesch\u00e4tzte Lesezeit":"1\u00a0Minute"},"schema":{"@context":"https:\/\/schema.org","@graph":[{"@type":"WebPage","@id":"https:\/\/gastrolution.eu\/index.php\/kulinarische-glanzstuecke\/","url":"https:\/\/gastrolution.eu\/index.php\/kulinarische-glanzstuecke\/","name":"Kulinarische Glanzst\u00fccke - Marlene Bremerhaven am Stadttheater","isPartOf":{"@id":"https:\/\/gastrolution.eu\/#website"},"datePublished":"2024-09-17T18:46:36+00:00","dateModified":"2025-02-12T15:37:51+00:00","breadcrumb":{"@id":"https:\/\/gastrolution.eu\/index.php\/kulinarische-glanzstuecke\/#breadcrumb"},"inLanguage":"de","potentialAction":[{"@type":"ReadAction","target":["https:\/\/gastrolution.eu\/index.php\/kulinarische-glanzstuecke\/"]}]},{"@type":"BreadcrumbList","@id":"https:\/\/gastrolution.eu\/index.php\/kulinarische-glanzstuecke\/#breadcrumb","itemListElement":[{"@type":"ListItem","position":1,"name":"Startseite","item":"https:\/\/gastrolution.eu\/"},{"@type":"ListItem","position":2,"name":"Kulinarische Glanzst\u00fccke"}]},{"@type":"WebSite","@id":"https:\/\/gastrolution.eu\/#website","url":"https:\/\/gastrolution.eu\/","name":"Marlene Bremerhaven am Stadttheater","description":"Steaks | Pizza | Pasta | Cocktailbar","potentialAction":[{"@type":"SearchAction","target":{"@type":"EntryPoint","urlTemplate":"https:\/\/gastrolution.eu\/?s={search_term_string}"},"query-input":{"@type":"PropertyValueSpecification","valueRequired":true,"valueName":"search_term_string"}}],"inLanguage":"de"}]}},"_links":{"self":[{"href":"https:\/\/gastrolution.eu\/index.php\/wp-json\/wp\/v2\/pages\/8280","targetHints":{"allow":["GET"]}}],"collection":[{"href":"https:\/\/gastrolution.eu\/index.php\/wp-json\/wp\/v2\/pages"}],"about":[{"href":"https:\/\/gastrolution.eu\/index.php\/wp-json\/wp\/v2\/types\/page"}],"author":[{"embeddable":true,"href":"https:\/\/gastrolution.eu\/index.php\/wp-json\/wp\/v2\/users\/1"}],"replies":[{"embeddable":true,"href":"https:\/\/gastrolution.eu\/index.php\/wp-json\/wp\/v2\/comments?post=8280"}],"version-history":[{"count":5,"href":"https:\/\/gastrolution.eu\/index.php\/wp-json\/wp\/v2\/pages\/8280\/revisions"}],"predecessor-version":[{"id":8537,"href":"https:\/\/gastrolution.eu\/index.php\/wp-json\/wp\/v2\/pages\/8280\/revisions\/8537"}],"wp:attachment":[{"href":"https:\/\/gastrolution.eu\/index.php\/wp-json\/wp\/v2\/media?parent=8280"}],"curies":[{"name":"wp","href":"https:\/\/api.w.org\/{rel}","templated":true}]}}