{"id":8243,"date":"2024-09-17T17:23:04","date_gmt":"2024-09-17T17:23:04","guid":{"rendered":"https:\/\/gastrolution.eu\/?page_id=8243"},"modified":"2024-12-13T20:07:51","modified_gmt":"2024-12-13T20:07:51","slug":"mittagstisch","status":"publish","type":"page","link":"https:\/\/gastrolution.eu\/index.php\/mittagstisch\/","title":{"rendered":"Mittagstisch"},"content":{"rendered":"<div class=\"wpb-content-wrapper\"><p>[vc_row][vc_column]\n\t\t\t\t<p class=\"rs-p-wp-fix\"><\/p>\n\t\t\t\t<sr7-module data-alias=\"slider-1\" data-id=\"1\" id=\"SR7_1_1\" class=\"rs-ov-hidden\" data-version=\"6.7.38\">\n\t\t\t\t\t<sr7-adjuster><\/sr7-adjuster>\n\t\t\t\t\t<sr7-content>\n\t\t\t\t\t\t<sr7-slide id=\"SR7_1_1-1\" data-key=\"1\">\n\t\t\t\t\t\t<\/sr7-slide>\n\t\t\t\t\t\t<sr7-slide id=\"SR7_1_1-6\" data-key=\"6\">\n\t\t\t\t\t\t<\/sr7-slide>\n\t\t\t\t\t\t<sr7-slide id=\"SR7_1_1-2\" data-key=\"2\">\n\t\t\t\t\t\t<\/sr7-slide>\n\t\t\t\t\t<\/sr7-content>\n\t\t\t\t\t<image_lists style=\"display:none\">\n\t\t\t\t\t\t<img data-src=\"\/\/gastrolution.eu\/wp-content\/uploads\/2024\/09\/Marlene-Bar.jpg\" data-libid=\"8273\" data-lib=\"medialibrary\" title=\"Marlene Bar\" width=\"0\" height=\"0\" data-dbsrc=\"Ly9nYXN0cm9sdXRpb24uZXUvd3AtY29udGVudC91cGxvYWRzLzIwMjQvMDkvTWFybGVuZS1CYXIuanBn\"\/>\n\t\t\t\t\t\t<img data-src=\"\/\/gastrolution.eu\/wp-content\/uploads\/2024\/09\/cropped-Logo-Marlene-e1726574884645.gif\" data-libid=\"7605\" data-lib=\"medialibrary\" title=\"cropped-Logo-Marlene.gif\" width=\"0\" height=\"0\" data-dbsrc=\"Ly9nYXN0cm9sdXRpb24uZXUvd3AtY29udGVudC91cGxvYWRzLzIwMjQvMDkvY3JvcHBlZC1Mb2dvLU1hcmxlbmUtZTE3MjY1NzQ4ODQ2NDUuZ2lm\"\/>\n\t\t\t\t\t\t<img data-src=\"\/\/gastrolution.eu\/wp-content\/uploads\/2024\/09\/Marlene-Bar-02.jpg\" data-libid=\"8274\" data-lib=\"medialibrary\" title=\"Marlene Bar 02\" width=\"0\" height=\"0\" data-dbsrc=\"Ly9nYXN0cm9sdXRpb24uZXUvd3AtY29udGVudC91cGxvYWRzLzIwMjQvMDkvTWFybGVuZS1CYXItMDIuanBn\"\/>\n\t\t\t\t\t<\/image_lists>\n\t\t\t\t<\/sr7-module>\n\t\t\t\t<script>\n\t\t\t\t\tSR7.PMH ??={}; SR7.PMH[\"SR7_1_1\"] = {cn:100,state:false,fn: function() { if (_tpt!==undefined && _tpt.prepareModuleHeight !== undefined) {  _tpt.prepareModuleHeight({id:\"SR7_1_1\",el:[450,450,768,960,720],type:'standard',shdw:'0',gh:[450,450,288,219,135],gw:[1600,1600,1024,778,480],vpt:['100px'],size:{fullWidth:true, fullHeight:false},mh:'0',onh:0,onw:0,bg:{color:'{\"orig\":\"transparent\",\"type\":\"solid\",\"string\":\"transparent\"}'}});   SR7.PMH[\"SR7_1_1\"].state=true;} else if(SR7.PMH[\"SR7_1_1\"].cn-->0)\tsetTimeout( SR7.PMH[\"SR7_1_1\"].fn,19);}};SR7.PMH[\"SR7_1_1\" ].fn();\n\t\t\t\t<\/script>\n<div class=\"ult-spacer spacer-69e5f429451d9\" data-id=\"69e5f429451d9\" data-height=\"10\" data-height-mobile=\"10\" data-height-tab=\"10\" data-height-tab-portrait=\"\" data-height-mobile-landscape=\"\" style=\"clear:both;display:block;\"><\/div>[\/vc_column][\/vc_row][vc_row][vc_column][vc_custom_heading text=&#8220;Herzlich Willkommen zum Mittagstisch bei Marlene am Stadttheater!&#8220; font_container=&#8220;tag:h2|text_align:center|color:%237d3e67&#8243; google_fonts=&#8220;font_family:Abel%3Aregular|font_style:400%20regular%3A400%3Anormal&#8220; css=&#8220;&#8220;][\/vc_column][\/vc_row][vc_row][vc_column][vc_column_text css=&#8220;&#8220;]<\/p>\n<p style=\"text-align: center;\">Herzlich Willkommen zum Mittagstisch bei Marlene am Stadttheater!<br \/>\nGenie\u00dfen Sie unsere\u00a0 Mittagsangebote \u2013 frisch zubereitet und mit regionalen Zutaten.<\/p>\n<p style=\"text-align: center;\"><strong>MONTAG -FREITAG\u00a0 \u00a011:30 &#8211; 16:00<\/strong><\/p>\n<p>[\/vc_column_text][vc_icon icon_fontawesome=&#8220;fas fa-utensils&#8220; color=&#8220;custom&#8220; align=&#8220;center&#8220; css=&#8220;&#8220; custom_color=&#8220;#993e68&#8243;][vc_text_separator title=&#8220;Unsere Mittagsangebote&#8220; css=&#8220;&#8220;][\/vc_column][\/vc_row][vc_row][vc_column width=&#8220;1\/4&#8243;][vc_single_image image=&#8220;8317&#8243; img_size=&#8220;full&#8220; alignment=&#8220;center&#8220; style=&#8220;vc_box_border_circle&#8220; css=&#8220;&#8220;][vc_column_text css=&#8220;&#8220;]<\/p>\n<p style=\"text-align: center;\"><span style=\"color: #993366;\"><strong>Miss Ma\u00b4s Vietnam-Nudeln<br \/>\n<\/strong><span style=\"color: #000000;\">gebratene Nudeln mit Chicken,<\/span><br \/>\n<span style=\"color: #000000;\">verschiedenem Gem\u00fcse in Soja So\u00dfe<\/span><strong><br \/>\n9,90<\/strong><\/span><\/p>\n<p>[\/vc_column_text][\/vc_column][vc_column width=&#8220;1\/4&#8243;][vc_single_image image=&#8220;8325&#8243; img_size=&#8220;full&#8220; alignment=&#8220;center&#8220; style=&#8220;vc_box_border_circle&#8220; css=&#8220;&#8220;][vc_column_text css=&#8220;&#8220;]<\/p>\n<p style=\"text-align: center;\"><span style=\"color: #993366;\"><strong>Miss Ma\u00b4s Singalesisches Huhn<br \/>\n<\/strong><span style=\"color: #000000;\">H\u00e4hnchenstreifen <\/span><span style=\"color: #000000;\">mit verschiedenem Gem\u00fcse<\/span><br \/>\n<span style=\"color: #000000;\">und Ingwer-Tomaten-Kuskuma-Sauce und Reis<\/span><strong><br \/>\n10,50<\/strong><\/span><\/p>\n<p>[\/vc_column_text][\/vc_column][vc_column width=&#8220;1\/4&#8243;][vc_single_image image=&#8220;8319&#8243; img_size=&#8220;full&#8220; alignment=&#8220;center&#8220; style=&#8220;vc_box_border_circle&#8220; css=&#8220;&#8220;][vc_column_text css=&#8220;&#8220;]<\/p>\n<p style=\"text-align: center;\"><span style=\"color: #993366;\"><strong>Miss Ma\u00b4s Garnelen Indien Style<br \/>\n<\/strong><span style=\"color: #000000;\">Garnelen mit verschiedenem Gem\u00fcse<br \/>\nin Mango-Curry-Sauce und Reis<\/span><strong><br \/>\n11,50<\/strong><\/span><\/p>\n<p>[\/vc_column_text][\/vc_column][vc_column width=&#8220;1\/4&#8243;][vc_single_image image=&#8220;8320&#8243; img_size=&#8220;full&#8220; alignment=&#8220;center&#8220; style=&#8220;vc_box_border_circle&#8220; css=&#8220;&#8220;][vc_column_text css=&#8220;&#8220;]<\/p>\n<p style=\"text-align: center;\"><span style=\"color: #993366;\"><strong>Miss Ma\u00b4s Gem\u00fcse Curry<br \/>\n<\/strong><span style=\"color: #000000;\">verschiedene Gem\u00fcse mit Curry,<br \/>\nKokosmilch, Thai Basilikum und Reis<\/span><strong><br \/>\n9,50<\/strong><\/span><\/p>\n<p>[\/vc_column_text][\/vc_column][\/vc_row][vc_row content_placement=&#8220;middle&#8220; css=&#8220;.vc_custom_1726855248267{background-position: center !important;background-repeat: no-repeat !important;background-size: contain !important;}&#8220;][vc_column width=&#8220;1\/4&#8243;][vc_single_image image=&#8220;8315&#8243; img_size=&#8220;full&#8220; alignment=&#8220;center&#8220; style=&#8220;vc_box_border_circle&#8220; css=&#8220;&#8220;][vc_column_text css=&#8220;&#8220;]<\/p>\n<p style=\"text-align: center;\"><span style=\"color: #993366;\"><strong>Miss Ma\u00b4s Kambodschanisches Curry<br \/>\n<\/strong><span style=\"color: #000000;\">verschiedene Gem\u00fcse mit Tofu, Curry<br \/>\nIngwer-Zitronengras-Sauce und Reis<\/span><strong><br \/>\n10,00<\/strong><\/span><\/p>\n<p>[\/vc_column_text][\/vc_column][vc_column width=&#8220;1\/4&#8243;][vc_single_image image=&#8220;8322&#8243; img_size=&#8220;full&#8220; alignment=&#8220;center&#8220; style=&#8220;vc_box_border_circle&#8220; css=&#8220;&#8220;][vc_column_text css=&#8220;&#8220;]<\/p>\n<p style=\"text-align: center;\"><span style=\"color: #993366;\"><strong>Miss Ma\u00b4s Tai Bratreis<br \/>\n<\/strong><span style=\"color: #000000;\">gebratener Reis<br \/>\nmit verschiedenem Gem\u00fcse<\/span><strong><br \/>\n9,50<\/strong><\/span><\/p>\n<p>[\/vc_column_text][\/vc_column][vc_column width=&#8220;1\/4&#8243;][vc_single_image image=&#8220;8323&#8243; img_size=&#8220;full&#8220; alignment=&#8220;center&#8220; style=&#8220;vc_box_border_circle&#8220; css=&#8220;&#8220;][vc_column_text css=&#8220;&#8220;]<\/p>\n<p style=\"text-align: center;\"><span style=\"color: #993366;\"><strong>Miss Ma\u00b4s Fr\u00fchlings Rollen<br \/>\n<\/strong><span style=\"color: #000000;\">Knusprige Teig R\u00f6lchen mit Gem\u00fcsef\u00fcllung<br \/>\n<\/span><\/span><span style=\"color: #993366;\"><span style=\"color: #000000;\">und Sweet chili &#8211; Dip\u00a0<\/span><strong><br \/>\n8,00<\/strong><\/span><\/p>\n<p>[\/vc_column_text][\/vc_column][vc_column width=&#8220;1\/4&#8243;][\/vc_column][\/vc_row][vc_row][vc_column]<div class=\"dt-shortcode with-isotope\"><div class=\"wf-container dt-portfolio-shortcode loading-effect-none iso-container bg-under-post description-under-image content-align-left\" data-padding=\"20px\" data-cur-page=\"1\" data-posts-per-page=\"-1\" data-width=\"270px\" data-columns=\"2\">\n<div class=\"wf-cell iso-item\" data-post-id=\"8498\" data-date=\"2024-12-13T19:40:04+00:00\" data-name=\"Miss Ma\u00b4s Vietnam-Nudeln\">\n<article class=\"post post-8498 dt_portfolio type-dt_portfolio status-publish has-post-thumbnail hentry bg-on\">\n\n\t<div class=\"project-list-media\">\n\t<figure class=\"buttons-on-img \">\n\t\t<a href=\"https:\/\/gastrolution.eu\/index.php\/project\/miss-mas-vietnam-nudeln\/\" class=\"alignnone rollover layzr-bg\" title=\"Gem\u00fcse Curry\"  aria-label=\"Post image\"><img fetchpriority=\"high\" decoding=\"async\" class=\"preload-me iso-lazy-load aspect\" src=\"data:image\/svg+xml,%3Csvg%20xmlns%3D&#39;http%3A%2F%2Fwww.w3.org%2F2000%2Fsvg&#39;%20viewBox%3D&#39;0%200%20405%20405&#39;%2F%3E\" data-src=\"https:\/\/gastrolution.eu\/wp-content\/uploads\/2024\/09\/Gemuese-Curry-405x405.jpg\" data-srcset=\"https:\/\/gastrolution.eu\/wp-content\/uploads\/2024\/09\/Gemuese-Curry-405x405.jpg 405w, https:\/\/gastrolution.eu\/wp-content\/uploads\/2024\/09\/Gemuese-Curry.jpg 500w\" loading=\"eager\" style=\"--ratio: 405 \/ 405\" sizes=\"(max-width: 405px) 100vw, 405px\" alt=\"\" width=\"405\" height=\"405\"  \/><\/a>\t\t\t\t<figcaption class=\"rollover-content\">\n\t\t\t<div class=\"links-container\"><a href=\"https:\/\/gastrolution.eu\/wp-content\/uploads\/2024\/09\/Gemuese-Curry.jpg\" class=\"project-zoom dt-pswp-item dt-single-pswp-popup\" title=\"Gem\u00fcse Curry\" data-dt-img-description=\"\" data-large_image_width=\"500\" data-large_image_height=\"500\" aria-label=\"Portfolio zoom icon\">Zoom<\/a><a href=\"https:\/\/gastrolution.eu\/index.php\/project\/miss-mas-vietnam-nudeln\/\" class=\"project-details\">Details<\/a><\/div>\t\t<\/figcaption>\n\t\t\t<\/figure>\n<\/div>\n<div class=\"project-list-content\">\n\t<h3 class=\"entry-title\"><a href=\"https:\/\/gastrolution.eu\/index.php\/project\/miss-mas-vietnam-nudeln\/\" title=\"Miss Ma\u00b4s Vietnam-Nudeln\" rel=\"bookmark\">Miss Ma\u00b4s Vietnam-Nudeln<\/a><\/h3><p>gebratene Nudeln mit Chicken, verschiedenem Gem\u00fcse in Soja So\u00dfe 9,90<\/p>\n<\/div>\n<\/article>\n\n<\/div><\/div><\/div>[\/vc_column][\/vc_row]<\/p>\n<\/div>","protected":false},"excerpt":{"rendered":"<p>[vc_row][vc_column][\/vc_column][\/vc_row][vc_row][vc_column][vc_custom_heading text=&#8220;Herzlich Willkommen zum Mittagstisch bei Marlene am Stadttheater!&#8220; font_container=&#8220;tag:h2|text_align:center|color:%237d3e67&#8243; google_fonts=&#8220;font_family:Abel%3Aregular|font_style:400%20regular%3A400%3Anormal&#8220; css=&#8220;&#8220;][\/vc_column][\/vc_row][vc_row][vc_column][vc_column_text css=&#8220;&#8220;] Herzlich Willkommen zum Mittagstisch bei Marlene am Stadttheater! Genie\u00dfen Sie unsere\u00a0 Mittagsangebote \u2013 frisch zubereitet und mit regionalen Zutaten. MONTAG -FREITAG\u00a0 \u00a011:30 &#8211; 16:00 [\/vc_column_text][vc_icon icon_fontawesome=&#8220;fas fa-utensils&#8220; color=&#8220;custom&#8220; align=&#8220;center&#8220; css=&#8220;&#8220; custom_color=&#8220;#993e68&#8243;][vc_text_separator title=&#8220;Unsere Mittagsangebote&#8220; css=&#8220;&#8220;][\/vc_column][\/vc_row][vc_row][vc_column width=&#8220;1\/4&#8243;][vc_single_image image=&#8220;8317&#8243; img_size=&#8220;full&#8220; alignment=&#8220;center&#8220; style=&#8220;vc_box_border_circle&#8220; css=&#8220;&#8220;][vc_column_text css=&#8220;&#8220;] Miss&hellip;<\/p>\n","protected":false},"author":1,"featured_media":0,"parent":0,"menu_order":0,"comment_status":"closed","ping_status":"closed","template":"","meta":{"footnotes":""},"class_list":["post-8243","page","type-page","status-publish","hentry"],"yoast_head":"<!-- This site is optimized with the Yoast SEO plugin v27.4 - https:\/\/yoast.com\/product\/yoast-seo-wordpress\/ -->\n<title>Mittagstisch - Marlene Bremerhaven am Stadttheater<\/title>\n<meta name=\"robots\" content=\"index, follow, max-snippet:-1, max-image-preview:large, max-video-preview:-1\" \/>\n<link rel=\"canonical\" href=\"https:\/\/gastrolution.eu\/index.php\/mittagstisch\/\" \/>\n<meta property=\"og:locale\" content=\"de_DE\" \/>\n<meta property=\"og:type\" content=\"article\" \/>\n<meta property=\"og:title\" content=\"Mittagstisch - Marlene Bremerhaven am Stadttheater\" \/>\n<meta property=\"og:description\" content=\"[vc_row][vc_column][\/vc_column][\/vc_row][vc_row][vc_column][vc_custom_heading text=&#8220;Herzlich Willkommen zum Mittagstisch bei Marlene am Stadttheater!&#8220; font_container=&#8220;tag:h2|text_align:center|color:%237d3e67&#8243; google_fonts=&#8220;font_family:Abel%3Aregular|font_style:400%20regular%3A400%3Anormal&#8220; css=&#8220;&#8220;][\/vc_column][\/vc_row][vc_row][vc_column][vc_column_text css=&#8220;&#8220;] Herzlich Willkommen zum Mittagstisch bei Marlene am Stadttheater! Genie\u00dfen Sie unsere\u00a0 Mittagsangebote \u2013 frisch zubereitet und mit regionalen Zutaten. MONTAG -FREITAG\u00a0 \u00a011:30 &#8211; 16:00 [\/vc_column_text][vc_icon icon_fontawesome=&#8220;fas fa-utensils&#8220; color=&#8220;custom&#8220; align=&#8220;center&#8220; css=&#8220;&#8220; custom_color=&#8220;#993e68&#8243;][vc_text_separator title=&#8220;Unsere Mittagsangebote&#8220; css=&#8220;&#8220;][\/vc_column][\/vc_row][vc_row][vc_column width=&#8220;1\/4&#8243;][vc_single_image image=&#8220;8317&#8243; img_size=&#8220;full&#8220; alignment=&#8220;center&#8220; style=&#8220;vc_box_border_circle&#8220; css=&#8220;&#8220;][vc_column_text css=&#8220;&#8220;] Miss&hellip;\" \/>\n<meta property=\"og:url\" content=\"https:\/\/gastrolution.eu\/index.php\/mittagstisch\/\" \/>\n<meta property=\"og:site_name\" content=\"Marlene Bremerhaven am Stadttheater\" \/>\n<meta property=\"article:modified_time\" content=\"2024-12-13T20:07:51+00:00\" \/>\n<meta name=\"twitter:card\" content=\"summary_large_image\" \/>\n<meta name=\"twitter:label1\" content=\"Gesch\u00e4tzte Lesezeit\" \/>\n\t<meta name=\"twitter:data1\" content=\"3\u00a0Minuten\" \/>\n<script type=\"application\/ld+json\" class=\"yoast-schema-graph\">{\"@context\":\"https:\\\/\\\/schema.org\",\"@graph\":[{\"@type\":\"WebPage\",\"@id\":\"https:\\\/\\\/gastrolution.eu\\\/index.php\\\/mittagstisch\\\/\",\"url\":\"https:\\\/\\\/gastrolution.eu\\\/index.php\\\/mittagstisch\\\/\",\"name\":\"Mittagstisch - Marlene Bremerhaven am Stadttheater\",\"isPartOf\":{\"@id\":\"https:\\\/\\\/gastrolution.eu\\\/#website\"},\"datePublished\":\"2024-09-17T17:23:04+00:00\",\"dateModified\":\"2024-12-13T20:07:51+00:00\",\"breadcrumb\":{\"@id\":\"https:\\\/\\\/gastrolution.eu\\\/index.php\\\/mittagstisch\\\/#breadcrumb\"},\"inLanguage\":\"de\",\"potentialAction\":[{\"@type\":\"ReadAction\",\"target\":[\"https:\\\/\\\/gastrolution.eu\\\/index.php\\\/mittagstisch\\\/\"]}]},{\"@type\":\"BreadcrumbList\",\"@id\":\"https:\\\/\\\/gastrolution.eu\\\/index.php\\\/mittagstisch\\\/#breadcrumb\",\"itemListElement\":[{\"@type\":\"ListItem\",\"position\":1,\"name\":\"Startseite\",\"item\":\"https:\\\/\\\/gastrolution.eu\\\/\"},{\"@type\":\"ListItem\",\"position\":2,\"name\":\"Mittagstisch\"}]},{\"@type\":\"WebSite\",\"@id\":\"https:\\\/\\\/gastrolution.eu\\\/#website\",\"url\":\"https:\\\/\\\/gastrolution.eu\\\/\",\"name\":\"Marlene Bremerhaven am Stadttheater\",\"description\":\"Steaks | Pizza | Pasta | Cocktailbar\",\"potentialAction\":[{\"@type\":\"SearchAction\",\"target\":{\"@type\":\"EntryPoint\",\"urlTemplate\":\"https:\\\/\\\/gastrolution.eu\\\/?s={search_term_string}\"},\"query-input\":{\"@type\":\"PropertyValueSpecification\",\"valueRequired\":true,\"valueName\":\"search_term_string\"}}],\"inLanguage\":\"de\"}]}<\/script>\n<!-- \/ Yoast SEO plugin. -->","yoast_head_json":{"title":"Mittagstisch - Marlene Bremerhaven am Stadttheater","robots":{"index":"index","follow":"follow","max-snippet":"max-snippet:-1","max-image-preview":"max-image-preview:large","max-video-preview":"max-video-preview:-1"},"canonical":"https:\/\/gastrolution.eu\/index.php\/mittagstisch\/","og_locale":"de_DE","og_type":"article","og_title":"Mittagstisch - Marlene Bremerhaven am Stadttheater","og_description":"[vc_row][vc_column][\/vc_column][\/vc_row][vc_row][vc_column][vc_custom_heading text=&#8220;Herzlich Willkommen zum Mittagstisch bei Marlene am Stadttheater!&#8220; font_container=&#8220;tag:h2|text_align:center|color:%237d3e67&#8243; google_fonts=&#8220;font_family:Abel%3Aregular|font_style:400%20regular%3A400%3Anormal&#8220; css=&#8220;&#8220;][\/vc_column][\/vc_row][vc_row][vc_column][vc_column_text css=&#8220;&#8220;] Herzlich Willkommen zum Mittagstisch bei Marlene am Stadttheater! Genie\u00dfen Sie unsere\u00a0 Mittagsangebote \u2013 frisch zubereitet und mit regionalen Zutaten. MONTAG -FREITAG\u00a0 \u00a011:30 &#8211; 16:00 [\/vc_column_text][vc_icon icon_fontawesome=&#8220;fas fa-utensils&#8220; color=&#8220;custom&#8220; align=&#8220;center&#8220; css=&#8220;&#8220; custom_color=&#8220;#993e68&#8243;][vc_text_separator title=&#8220;Unsere Mittagsangebote&#8220; css=&#8220;&#8220;][\/vc_column][\/vc_row][vc_row][vc_column width=&#8220;1\/4&#8243;][vc_single_image image=&#8220;8317&#8243; img_size=&#8220;full&#8220; alignment=&#8220;center&#8220; style=&#8220;vc_box_border_circle&#8220; css=&#8220;&#8220;][vc_column_text css=&#8220;&#8220;] Miss&hellip;","og_url":"https:\/\/gastrolution.eu\/index.php\/mittagstisch\/","og_site_name":"Marlene Bremerhaven am Stadttheater","article_modified_time":"2024-12-13T20:07:51+00:00","twitter_card":"summary_large_image","twitter_misc":{"Gesch\u00e4tzte Lesezeit":"3\u00a0Minuten"},"schema":{"@context":"https:\/\/schema.org","@graph":[{"@type":"WebPage","@id":"https:\/\/gastrolution.eu\/index.php\/mittagstisch\/","url":"https:\/\/gastrolution.eu\/index.php\/mittagstisch\/","name":"Mittagstisch - Marlene Bremerhaven am Stadttheater","isPartOf":{"@id":"https:\/\/gastrolution.eu\/#website"},"datePublished":"2024-09-17T17:23:04+00:00","dateModified":"2024-12-13T20:07:51+00:00","breadcrumb":{"@id":"https:\/\/gastrolution.eu\/index.php\/mittagstisch\/#breadcrumb"},"inLanguage":"de","potentialAction":[{"@type":"ReadAction","target":["https:\/\/gastrolution.eu\/index.php\/mittagstisch\/"]}]},{"@type":"BreadcrumbList","@id":"https:\/\/gastrolution.eu\/index.php\/mittagstisch\/#breadcrumb","itemListElement":[{"@type":"ListItem","position":1,"name":"Startseite","item":"https:\/\/gastrolution.eu\/"},{"@type":"ListItem","position":2,"name":"Mittagstisch"}]},{"@type":"WebSite","@id":"https:\/\/gastrolution.eu\/#website","url":"https:\/\/gastrolution.eu\/","name":"Marlene Bremerhaven am Stadttheater","description":"Steaks | Pizza | Pasta | Cocktailbar","potentialAction":[{"@type":"SearchAction","target":{"@type":"EntryPoint","urlTemplate":"https:\/\/gastrolution.eu\/?s={search_term_string}"},"query-input":{"@type":"PropertyValueSpecification","valueRequired":true,"valueName":"search_term_string"}}],"inLanguage":"de"}]}},"_links":{"self":[{"href":"https:\/\/gastrolution.eu\/index.php\/wp-json\/wp\/v2\/pages\/8243","targetHints":{"allow":["GET"]}}],"collection":[{"href":"https:\/\/gastrolution.eu\/index.php\/wp-json\/wp\/v2\/pages"}],"about":[{"href":"https:\/\/gastrolution.eu\/index.php\/wp-json\/wp\/v2\/types\/page"}],"author":[{"embeddable":true,"href":"https:\/\/gastrolution.eu\/index.php\/wp-json\/wp\/v2\/users\/1"}],"replies":[{"embeddable":true,"href":"https:\/\/gastrolution.eu\/index.php\/wp-json\/wp\/v2\/comments?post=8243"}],"version-history":[{"count":47,"href":"https:\/\/gastrolution.eu\/index.php\/wp-json\/wp\/v2\/pages\/8243\/revisions"}],"predecessor-version":[{"id":8487,"href":"https:\/\/gastrolution.eu\/index.php\/wp-json\/wp\/v2\/pages\/8243\/revisions\/8487"}],"wp:attachment":[{"href":"https:\/\/gastrolution.eu\/index.php\/wp-json\/wp\/v2\/media?parent=8243"}],"curies":[{"name":"wp","href":"https:\/\/api.w.org\/{rel}","templated":true}]}}